{"id":408,"date":"2022-09-12T00:34:47","date_gmt":"2022-09-11T22:34:47","guid":{"rendered":"https:\/\/littlecabaret.com\/?page_id=408"},"modified":"2022-09-12T01:32:00","modified_gmt":"2022-09-11T23:32:00","slug":"hebergement","status":"publish","type":"page","link":"https:\/\/littlecabaret.com\/index.php\/hebergement\/","title":{"rendered":"H\u00e9bergement"},"content":{"rendered":"<div data-label=\"Cta\" data-id=\"cta--1\" data-export-id=\"cta-centered-section-grid\" data-category=\"cta\" class=\"cta-centered-section-grid content-section content-section-spacing-medium bg-color1 white-text content-relative river_city\" id=\"cta-1\" ><div class=\"section-separator-top\" >\n    <svg xmlns=\"http:\/\/www.w3.org\/2000\/svg\" viewBox=\"0 0 283.5 27.8\" preserveAspectRatio=\"none\" data-separator-name=\"wave-brush\" class=\"section-separator-top\" >\n\t<path class=\"svg-white-bg\" d=\"M283.5,9.7c0,0-7.3,4.3-14,4.6c-6.8,0.3-12.6,0-20.9-1.5c-11.3-2-33.1-10.1-44.7-5.7\ts-12.1,4.6-18,7.4c-6.6,3.2-20,9.6-36.6,9.3C131.6,23.5,99.5,7.2,86.3,8c-1.4,0.1-6.6,0.8-10.5,2c-3.8,1.2-9.4,3.8-17,4.7\tc-3.2,0.4-8.3,1.1-14.2,0.9c-1.5-0.1-6.3-0.4-12-1.6c-5.7-1.2-11-3.1-15.8-3.7C6.5,9.2,0,10.8,0,10.8V0h283.5V9.7z M260.8,11.3\tc-0.7-1-2-0.4-4.3-0.4c-2.3,0-6.1-1.2-5.8-1.1c0.3,0.1,3.1,1.5,6,1.9C259.7,12.2,261.4,12.3,260.8,11.3z M242.4,8.6\tc0,0-2.4-0.2-5.6-0.9c-3.2-0.8-10.3-2.8-15.1-3.5c-8.2-1.1-15.8,0-15.1,0.1c0.8,0.1,9.6-0.6,17.6,1.1c3.3,0.7,9.3,2.2,12.4,2.7\tC239.9,8.7,242.4,8.6,242.4,8.6z M185.2,8.5c1.7-0.7-13.3,4.7-18.5,6.1c-2.1,0.6-6.2,1.6-10,2c-3.9,0.4-8.9,0.4-8.8,0.5\tc0,0.2,5.8,0.8,11.2,0c5.4-0.8,5.2-1.1,7.6-1.6C170.5,14.7,183.5,9.2,185.2,8.5z M199.1,6.9c0.2,0-0.8-0.4-4.8,1.1\tc-4,1.5-6.7,3.5-6.9,3.7c-0.2,0.1,3.5-1.8,6.6-3C197,7.5,199,6.9,199.1,6.9z M283,6c-0.1,0.1-1.9,1.1-4.8,2.5s-6.9,2.8-6.7,2.7\tc0.2,0,3.5-0.6,7.4-2.5C282.8,6.8,283.1,5.9,283,6z M31.3,11.6c0.1-0.2-1.9-0.2-4.5-1.2s-5.4-1.6-7.8-2C15,7.6,7.3,8.5,7.7,8.6\tC8,8.7,15.9,8.3,20.2,9.3c2.2,0.5,2.4,0.5,5.7,1.6S31.2,11.9,31.3,11.6z M73,9.2c0.4-0.1,3.5-1.6,8.4-2.6c4.9-1.1,8.9-0.5,8.9-0.8\tc0-0.3-1-0.9-6.2-0.3S72.6,9.3,73,9.2z M71.6,6.7C71.8,6.8,75,5.4,77.3,5c2.3-0.3,1.9-0.5,1.9-0.6c0-0.1-1.1-0.2-2.7,0.2\tC74.8,5.1,71.4,6.6,71.6,6.7z M93.6,4.4c0.1,0.2,3.5,0.8,5.6,1.8c2.1,1,1.8,0.6,1.9,0.5c0.1-0.1-0.8-0.8-2.4-1.3\tC97.1,4.8,93.5,4.2,93.6,4.4z M65.4,11.1c-0.1,0.3,0.3,0.5,1.9-0.2s2.6-1.3,2.2-1.2s-0.9,0.4-2.5,0.8C65.3,10.9,65.5,10.8,65.4,11.1\tz M34.5,12.4c-0.2,0,2.1,0.8,3.3,0.9c1.2,0.1,2,0.1,2-0.2c0-0.3-0.1-0.5-1.6-0.4C36.6,12.8,34.7,12.4,34.5,12.4z M152.2,21.1\tc-0.1,0.1-2.4-0.3-7.5-0.3c-5,0-13.6-2.4-17.2-3.5c-3.6-1.1,10,3.9,16.5,4.1C150.5,21.6,152.3,21,152.2,21.1z\" ><\/path>\n\t<path class=\"svg-white-bg\" d=\"M269.6,18c-0.1-0.1-4.6,0.3-7.2,0c-7.3-0.7-17-3.2-16.6-2.9c0.4,0.3,13.7,3.1,17,3.3\tC267.7,18.8,269.7,18,269.6,18z\" ><\/path>\n\t<path class=\"svg-white-bg\" d=\"M227.4,9.8c-0.2-0.1-4.5-1-9.5-1.2c-5-0.2-12.7,0.6-12.3,0.5c0.3-0.1,5.9-1.8,13.3-1.2\tS227.6,9.9,227.4,9.8z\" ><\/path>\n\t<path class=\"svg-white-bg\" d=\"M204.5,13.4c-0.1-0.1,2-1,3.2-1.1c1.2-0.1,2,0,2,0.3c0,0.3-0.1,0.5-1.6,0.4\tC206.4,12.9,204.6,13.5,204.5,13.4z\" ><\/path>\n\t<path class=\"svg-white-bg\" d=\"M201,10.6c0-0.1-4.4,1.2-6.3,2.2c-1.9,0.9-6.2,3.1-6.1,3.1c0.1,0.1,4.2-1.6,6.3-2.6\tS201,10.7,201,10.6z\" ><\/path>\n\t<path class=\"svg-white-bg\" d=\"M154.5,26.7c-0.1-0.1-4.6,0.3-7.2,0c-7.3-0.7-17-3.2-16.6-2.9c0.4,0.3,13.7,3.1,17,3.3\tC152.6,27.5,154.6,26.8,154.5,26.7z\" ><\/path>\n\t<path class=\"svg-white-bg\" d=\"M41.9,19.3c0,0,1.2-0.3,2.9-0.1c1.7,0.2,5.8,0.9,8.2,0.7c4.2-0.4,7.4-2.7,7-2.6\tc-0.4,0-4.3,2.2-8.6,1.9c-1.8-0.1-5.1-0.5-6.7-0.4S41.9,19.3,41.9,19.3z\" ><\/path>\n\t<path class=\"svg-white-bg\" d=\"M75.5,12.6c0.2,0.1,2-0.8,4.3-1.1c2.3-0.2,2.1-0.3,2.1-0.5c0-0.1-1.8-0.4-3.4,0\tC76.9,11.5,75.3,12.5,75.5,12.6z\" ><\/path>\n\t<path class=\"svg-white-bg\" d=\"M15.6,13.2c0-0.1,4.3,0,6.7,0.5c2.4,0.5,5,1.9,5,2c0,0.1-2.7-0.8-5.1-1.4\tC19.9,13.7,15.7,13.3,15.6,13.2z\" ><\/path>\n<\/svg>\n<\/div><div class=\"gridContainer\" > <div class=\"row text-center\" ><div class=\"col-xs-12 col-sm-10 col-sm-offset-1 col-md-8 col-md-offset-2\" data-type=\"column\" >  <h3 class=\"\" >Les chambres d&rsquo;h\u00f4tes du Little Cabaret<\/h3><p class=\"\" >Une seule envie possible pour le visiteur, s\u2019engouffrer dans le bosquet de vieux arbres qui m\u00e8ne au Manoir et d\u00e9couvrir la grande b\u00e2tisse si prometteuse. Et il ne s\u2019agit pas que de promesses, mais bien au del\u00e0, d\u2019un havre de paix et de s\u00e9r\u00e9nit\u00e9. Le silence des hauteurs sur la colline entour\u00e9e de pommeraies et de terres agricoles, le calme parsem\u00e9 de sons anciens venant de l\u2019escalier en bois, des portes et autres parties du Manoir r\u00e9nov\u00e9es et redor\u00e9es de leur cachet d\u2019antan, les chambres impressionnantes, mais aussi le soleil qui d\u00e9vore la grande pelouse et sa piscine dont les fauteuils bains de soleil vous invitent \u00e0 de grandes siestes.<\/p> <\/div> <\/div><\/div> <div class=\"section-separator-bottom\" >\n    <svg xmlns=\"http:\/\/www.w3.org\/2000\/svg\" viewBox=\"0 0 283.5 27.8\" preserveAspectRatio=\"none\" data-separator-name=\"wave-brush\" class=\"section-separator-top section-separator-bottom\" >\n\t<path class=\"svg-white-bg\" d=\"M283.5,9.7c0,0-7.3,4.3-14,4.6c-6.8,0.3-12.6,0-20.9-1.5c-11.3-2-33.1-10.1-44.7-5.7\ts-12.1,4.6-18,7.4c-6.6,3.2-20,9.6-36.6,9.3C131.6,23.5,99.5,7.2,86.3,8c-1.4,0.1-6.6,0.8-10.5,2c-3.8,1.2-9.4,3.8-17,4.7\tc-3.2,0.4-8.3,1.1-14.2,0.9c-1.5-0.1-6.3-0.4-12-1.6c-5.7-1.2-11-3.1-15.8-3.7C6.5,9.2,0,10.8,0,10.8V0h283.5V9.7z M260.8,11.3\tc-0.7-1-2-0.4-4.3-0.4c-2.3,0-6.1-1.2-5.8-1.1c0.3,0.1,3.1,1.5,6,1.9C259.7,12.2,261.4,12.3,260.8,11.3z M242.4,8.6\tc0,0-2.4-0.2-5.6-0.9c-3.2-0.8-10.3-2.8-15.1-3.5c-8.2-1.1-15.8,0-15.1,0.1c0.8,0.1,9.6-0.6,17.6,1.1c3.3,0.7,9.3,2.2,12.4,2.7\tC239.9,8.7,242.4,8.6,242.4,8.6z M185.2,8.5c1.7-0.7-13.3,4.7-18.5,6.1c-2.1,0.6-6.2,1.6-10,2c-3.9,0.4-8.9,0.4-8.8,0.5\tc0,0.2,5.8,0.8,11.2,0c5.4-0.8,5.2-1.1,7.6-1.6C170.5,14.7,183.5,9.2,185.2,8.5z M199.1,6.9c0.2,0-0.8-0.4-4.8,1.1\tc-4,1.5-6.7,3.5-6.9,3.7c-0.2,0.1,3.5-1.8,6.6-3C197,7.5,199,6.9,199.1,6.9z M283,6c-0.1,0.1-1.9,1.1-4.8,2.5s-6.9,2.8-6.7,2.7\tc0.2,0,3.5-0.6,7.4-2.5C282.8,6.8,283.1,5.9,283,6z M31.3,11.6c0.1-0.2-1.9-0.2-4.5-1.2s-5.4-1.6-7.8-2C15,7.6,7.3,8.5,7.7,8.6\tC8,8.7,15.9,8.3,20.2,9.3c2.2,0.5,2.4,0.5,5.7,1.6S31.2,11.9,31.3,11.6z M73,9.2c0.4-0.1,3.5-1.6,8.4-2.6c4.9-1.1,8.9-0.5,8.9-0.8\tc0-0.3-1-0.9-6.2-0.3S72.6,9.3,73,9.2z M71.6,6.7C71.8,6.8,75,5.4,77.3,5c2.3-0.3,1.9-0.5,1.9-0.6c0-0.1-1.1-0.2-2.7,0.2\tC74.8,5.1,71.4,6.6,71.6,6.7z M93.6,4.4c0.1,0.2,3.5,0.8,5.6,1.8c2.1,1,1.8,0.6,1.9,0.5c0.1-0.1-0.8-0.8-2.4-1.3\tC97.1,4.8,93.5,4.2,93.6,4.4z M65.4,11.1c-0.1,0.3,0.3,0.5,1.9-0.2s2.6-1.3,2.2-1.2s-0.9,0.4-2.5,0.8C65.3,10.9,65.5,10.8,65.4,11.1\tz M34.5,12.4c-0.2,0,2.1,0.8,3.3,0.9c1.2,0.1,2,0.1,2-0.2c0-0.3-0.1-0.5-1.6-0.4C36.6,12.8,34.7,12.4,34.5,12.4z M152.2,21.1\tc-0.1,0.1-2.4-0.3-7.5-0.3c-5,0-13.6-2.4-17.2-3.5c-3.6-1.1,10,3.9,16.5,4.1C150.5,21.6,152.3,21,152.2,21.1z\" ><\/path>\n\t<path class=\"svg-white-bg\" d=\"M269.6,18c-0.1-0.1-4.6,0.3-7.2,0c-7.3-0.7-17-3.2-16.6-2.9c0.4,0.3,13.7,3.1,17,3.3\tC267.7,18.8,269.7,18,269.6,18z\" ><\/path>\n\t<path class=\"svg-white-bg\" d=\"M227.4,9.8c-0.2-0.1-4.5-1-9.5-1.2c-5-0.2-12.7,0.6-12.3,0.5c0.3-0.1,5.9-1.8,13.3-1.2\tS227.6,9.9,227.4,9.8z\" ><\/path>\n\t<path class=\"svg-white-bg\" d=\"M204.5,13.4c-0.1-0.1,2-1,3.2-1.1c1.2-0.1,2,0,2,0.3c0,0.3-0.1,0.5-1.6,0.4\tC206.4,12.9,204.6,13.5,204.5,13.4z\" ><\/path>\n\t<path class=\"svg-white-bg\" d=\"M201,10.6c0-0.1-4.4,1.2-6.3,2.2c-1.9,0.9-6.2,3.1-6.1,3.1c0.1,0.1,4.2-1.6,6.3-2.6\tS201,10.7,201,10.6z\" ><\/path>\n\t<path class=\"svg-white-bg\" d=\"M154.5,26.7c-0.1-0.1-4.6,0.3-7.2,0c-7.3-0.7-17-3.2-16.6-2.9c0.4,0.3,13.7,3.1,17,3.3\tC152.6,27.5,154.6,26.8,154.5,26.7z\" ><\/path>\n\t<path class=\"svg-white-bg\" d=\"M41.9,19.3c0,0,1.2-0.3,2.9-0.1c1.7,0.2,5.8,0.9,8.2,0.7c4.2-0.4,7.4-2.7,7-2.6\tc-0.4,0-4.3,2.2-8.6,1.9c-1.8-0.1-5.1-0.5-6.7-0.4S41.9,19.3,41.9,19.3z\" ><\/path>\n\t<path class=\"svg-white-bg\" d=\"M75.5,12.6c0.2,0.1,2-0.8,4.3-1.1c2.3-0.2,2.1-0.3,2.1-0.5c0-0.1-1.8-0.4-3.4,0\tC76.9,11.5,75.3,12.5,75.5,12.6z\" ><\/path>\n\t<path class=\"svg-white-bg\" d=\"M15.6,13.2c0-0.1,4.3,0,6.7,0.5c2.4,0.5,5,1.9,5,2c0,0.1-2.7-0.8-5.1-1.4\tC19.9,13.7,15.7,13.3,15.6,13.2z\" ><\/path>\n<\/svg>\n<\/div><\/div><div data-label=\"Portfolio\" data-id=\"portfolio--1\" data-export-id=\"portfolio-5-mc\" data-category=\"portfolio\" class=\"portfolio-5-mc content-section content-section-spacing section-title-col-white-text bg-color1 content-relative\" id=\"portfolio-1\"  style=\"background-image: url(&quot;https:\/\/littlecabaret.com\/wp-content\/uploads\/2022\/09\/DSC_0013-scaled.jpg&quot;); background-size: cover; background-position: center top;\"><div class=\"gridContainer\" > <div class=\"row text-center\" ><div class=\"section-title-col\" data-type=\"column\" >   <\/div> <\/div> <div class=\"row space-bottom spaced-cols\" data-type=\"row\" > <div class=\"col-xs-12 col-sm-4 text-center\" > <div class=\"card no-padding bordered\" > <div data-hover-fx=\"portfolio-6\" class=\"contentswap-effect contentswap-overlay\" style=\"float: none; margin: 0; width: 100%;\" > <div class=\"initial-image\" style=\"float: none; margin: 0;\" > <img decoding=\"async\" data-size=\"500x333\" src=\"https:\/\/littlecabaret.com\/wp-content\/uploads\/2022\/09\/cropped-DSC_0040-scaled-1.jpg\" ><\/div> <div class=\"overlay bg-color6\" style=\"display: block; transition: opacity 800ms ease 0s; -webkit-transition-timing-function: ease; -moz-transition-timing-function: ease; -o-transition-timing-function: ease; transition-timing-function: ease;\" ><\/div> <div class=\"swap-inner col-xs-12\" style=\"display: block; transition: all 800ms ease 0s; background-color: rgba(0,0,0,0); margin-top: 0;\" > <div class=\"row full-height-row middle-xs middle-sm\" > <div class=\"col-xs-12 text-center content-holder\" > <a class=\"button small color2\" href=\"https:\/\/www.le-baraillot.fr\" target=\"_blank\" data-cp-link=\"1\" data-icon=\"\" rel=\"noopener\">INFOS ET RESERVATIONS<\/a><\/div> <\/div><\/div> <\/div> <div class=\"col-xs-12\" > <div class=\"space-bottom space-top\" data-type=\"column\" > <h5 class=\"\" >Chambres d&rsquo;h\u00f4tes le Baraillot<\/h5> <\/div> <\/div><\/div> <\/div>  <\/div> <div class=\"row\" ><div data-type=\"column\" class=\"col-xs-12 text-center\" > <\/div> <\/div><\/div> <\/div>","protected":false},"excerpt":{"rendered":"<p>Les chambres d&rsquo;h\u00f4tes du Little CabaretUne seule envie possible pour le visiteur, s\u2019engouffrer dans le bosquet de vieux arbres qui m\u00e8ne au Manoir et d\u00e9couvrir la grande b\u00e2tisse si prometteuse. Et il ne s\u2019agit pas que de promesses, mais bien au del\u00e0, d\u2019un havre de paix et de s\u00e9r\u00e9nit\u00e9. Le silence des hauteurs sur la&hellip; <br \/> <a class=\"read-more\" href=\"https:\/\/littlecabaret.com\/index.php\/hebergement\/\">Lire la suite<\/a><\/p>\n","protected":false},"author":1,"featured_media":0,"parent":0,"menu_order":0,"comment_status":"closed","ping_status":"closed","template":"pro\/page-templates\/full-width-page.php","meta":{"footnotes":""},"class_list":["post-408","page","type-page","status-publish","hentry"],"_links":{"self":[{"href":"https:\/\/littlecabaret.com\/index.php\/wp-json\/wp\/v2\/pages\/408","targetHints":{"allow":["GET"]}}],"collection":[{"href":"https:\/\/littlecabaret.com\/index.php\/wp-json\/wp\/v2\/pages"}],"about":[{"href":"https:\/\/littlecabaret.com\/index.php\/wp-json\/wp\/v2\/types\/page"}],"author":[{"embeddable":true,"href":"https:\/\/littlecabaret.com\/index.php\/wp-json\/wp\/v2\/users\/1"}],"replies":[{"embeddable":true,"href":"https:\/\/littlecabaret.com\/index.php\/wp-json\/wp\/v2\/comments?post=408"}],"version-history":[{"count":5,"href":"https:\/\/littlecabaret.com\/index.php\/wp-json\/wp\/v2\/pages\/408\/revisions"}],"predecessor-version":[{"id":423,"href":"https:\/\/littlecabaret.com\/index.php\/wp-json\/wp\/v2\/pages\/408\/revisions\/423"}],"wp:attachment":[{"href":"https:\/\/littlecabaret.com\/index.php\/wp-json\/wp\/v2\/media?parent=408"}],"curies":[{"name":"wp","href":"https:\/\/api.w.org\/{rel}","templated":true}]}}